{"id":181,"date":"2021-07-13T16:47:45","date_gmt":"2021-07-13T14:47:45","guid":{"rendered":"https:\/\/carrotti.ist.org\/Blog\/log-in\/"},"modified":"2021-08-05T11:02:56","modified_gmt":"2021-08-05T09:02:56","slug":"log-in","status":"publish","type":"page","link":"https:\/\/carrotti.ist.org\/ForumCarrottinum\/log-in\/","title":{"rendered":"Schwelle zur Guten"},"content":{"rendered":"\n\n\n<p>Als Schutz-zauber verwendet diese Seite eine stille \u00dcbereinkunft \u00fcber die totale Autonomie der Beitr\u00e4ge auf dieser verwunderbaren webpr\u00e4senz : https:\/\/carrotti.ist.org\/blog und aller sich darauf befindlichen Seiten, Beitr\u00e4gen sowie s\u00e4mtlichen sonstigen Erscheinungen online auf https:\/\/carrotti.ist.org .<br>Mit der von mir selbstst\u00e4ndig getroffenen Entscheidung zur wie auch immer  gew\u00e4hlten Registration auf <a href=\"https:\/\/carrotti.ist.org\/blog\/register\/\">dieser Seite <\/a>erkl\u00e4re ich mich damit ausdr\u00fccklich einverstanden.<\/p>\n","protected":false},"excerpt":{"rendered":"<p>Als Schutz-zauber verwendet diese Seite eine stille \u00dcbereinkunft \u00fcber die totale Autonomie der Beitr\u00e4ge auf dieser verwunderbaren webpr\u00e4senz : https:\/\/carrotti.ist.org\/blog und aller sich darauf befindlichen Seiten, Beitr\u00e4gen sowie s\u00e4mtlichen sonstigen Erscheinungen online auf https:\/\/carrotti.ist.org .Mit der von mir selbstst\u00e4ndig getroffenen Entscheidung zur wie auch immer gew\u00e4hlten Registration auf dieser Seite erkl\u00e4re ich mich damit ausdr\u00fccklich [&hellip;]<\/p>\n","protected":false},"author":1,"featured_media":0,"parent":0,"menu_order":0,"comment_status":"closed","ping_status":"closed","template":"","meta":{"footnotes":""},"class_list":["post-181","page","type-page","status-publish","hentry"],"_links":{"self":[{"href":"https:\/\/carrotti.ist.org\/ForumCarrottinum\/wp-json\/wp\/v2\/pages\/181","targetHints":{"allow":["GET"]}}],"collection":[{"href":"https:\/\/carrotti.ist.org\/ForumCarrottinum\/wp-json\/wp\/v2\/pages"}],"about":[{"href":"https:\/\/carrotti.ist.org\/ForumCarrottinum\/wp-json\/wp\/v2\/types\/page"}],"author":[{"embeddable":true,"href":"https:\/\/carrotti.ist.org\/ForumCarrottinum\/wp-json\/wp\/v2\/users\/1"}],"replies":[{"embeddable":true,"href":"https:\/\/carrotti.ist.org\/ForumCarrottinum\/wp-json\/wp\/v2\/comments?post=181"}],"version-history":[{"count":3,"href":"https:\/\/carrotti.ist.org\/ForumCarrottinum\/wp-json\/wp\/v2\/pages\/181\/revisions"}],"predecessor-version":[{"id":277,"href":"https:\/\/carrotti.ist.org\/ForumCarrottinum\/wp-json\/wp\/v2\/pages\/181\/revisions\/277"}],"wp:attachment":[{"href":"https:\/\/carrotti.ist.org\/ForumCarrottinum\/wp-json\/wp\/v2\/media?parent=181"}],"curies":[{"name":"wp","href":"https:\/\/api.w.org\/{rel}","templated":true}]}}