{"id":498,"date":"2022-06-13T23:47:16","date_gmt":"2022-06-13T21:47:16","guid":{"rendered":"https:\/\/carrotti.ist.org\/blog\/?page_id=498"},"modified":"2024-10-22T18:43:11","modified_gmt":"2024-10-22T16:43:11","slug":"exheimkind-forever","status":"publish","type":"page","link":"https:\/\/carrotti.ist.org\/ForumCarrottinum\/exheimkind-forever\/","title":{"rendered":"ExHeimKind forever"},"content":{"rendered":"\n<p>jeden tag aufs neue der versuch den mut zu fassen die f\u00fcsse in die h\u00e4nde zu nehmen und das unm\u00f6gliche zu wagen&#8230;&#8230; frei zu sein und selbststbestimmt die herrausforderungen unserer zeit zu verbinden.<\/p>\n\n\n\n<figure class=\"wp-block-image size-large\"><img loading=\"lazy\" decoding=\"async\" width=\"1024\" height=\"730\" src=\"https:\/\/carrotti.ist.org\/blog\/wp-content\/uploads\/2022\/06\/Mitteilung-Zentralkinderheim-1974-1024x730.jpg\" alt=\"\" class=\"wp-image-499\" srcset=\"https:\/\/carrotti.ist.org\/blog\/wp-content\/uploads\/2022\/06\/Mitteilung-Zentralkinderheim-1974-1024x730.jpg 1024w, https:\/\/carrotti.ist.org\/blog\/wp-content\/uploads\/2022\/06\/Mitteilung-Zentralkinderheim-1974-300x214.jpg 300w, https:\/\/carrotti.ist.org\/blog\/wp-content\/uploads\/2022\/06\/Mitteilung-Zentralkinderheim-1974-150x107.jpg 150w, https:\/\/carrotti.ist.org\/blog\/wp-content\/uploads\/2022\/06\/Mitteilung-Zentralkinderheim-1974-768x547.jpg 768w, https:\/\/carrotti.ist.org\/blog\/wp-content\/uploads\/2022\/06\/Mitteilung-Zentralkinderheim-1974.jpg 1231w\" sizes=\"auto, (max-width: 1024px) 100vw, 1024px\" \/><figcaption class=\"wp-element-caption\">Mitteilung an die Mutter \u00fcber die Fremdunterbringung ihrer Kinder  <\/figcaption><\/figure>\n\n\n\n<p>den ganzen tag \u00fcber die hoffnung irgendwo raus zu kommen um der rauhen, geliebten matte zu entrinnen.<\/p>\n\n\n\n<p><\/p>\n\n\n\n<p id=\"ExHeimKind\"><\/p>\n\n\n\n<div data-wp-interactive=\"core\/file\" class=\"wp-block-file\"><object data-wp-bind--hidden=\"!state.hasPdfPreview\" hidden class=\"wp-block-file__embed\" data=\"https:\/\/carrotti.ist.org\/blog\/wp-content\/uploads\/2022\/06\/PsychPfleg.pdf\" type=\"application\/pdf\" style=\"width:100%;height:600px\" aria-label=\"Einbettung von PsychPfleg.\"><\/object><a id=\"wp-block-file--media-b2143eef-ede8-42ae-8d9b-90edbf2f0af3\" href=\"https:\/\/carrotti.ist.org\/blog\/wp-content\/uploads\/2022\/06\/PsychPfleg.pdf\">PsychPfleg<\/a><a href=\"https:\/\/carrotti.ist.org\/blog\/wp-content\/uploads\/2022\/06\/PsychPfleg.pdf\" class=\"wp-block-file__button wp-element-button\" download aria-describedby=\"wp-block-file--media-b2143eef-ede8-42ae-8d9b-90edbf2f0af3\">Herunterladen<\/a><\/div>\n\n\n\n<div data-wp-interactive=\"core\/file\" class=\"wp-block-file\"><object data-wp-bind--hidden=\"!state.hasPdfPreview\" hidden class=\"wp-block-file__embed\" data=\"https:\/\/carrotti.ist.org\/blog\/wp-content\/uploads\/2022\/06\/19910529Beendigung-Geschaeftsfall.pdf\" type=\"application\/pdf\" style=\"width:100%;height:600px\" aria-label=\"Einbettung von 19910529Beendigung-Geschaeftsfall.\"><\/object><a id=\"wp-block-file--media-6c1d9f1b-c88a-44da-9ae4-5287eee0270b\" href=\"https:\/\/carrotti.ist.org\/blog\/wp-content\/uploads\/2022\/06\/19910529Beendigung-Geschaeftsfall.pdf\">19910529Beendigung-Geschaeftsfall<\/a><a href=\"https:\/\/carrotti.ist.org\/blog\/wp-content\/uploads\/2022\/06\/19910529Beendigung-Geschaeftsfall.pdf\" class=\"wp-block-file__button wp-element-button\" download aria-describedby=\"wp-block-file--media-6c1d9f1b-c88a-44da-9ae4-5287eee0270b\">Herunterladen<\/a><\/div>\n\n\n\n<div data-wp-interactive=\"core\/file\" class=\"wp-block-file\"><object data-wp-bind--hidden=\"!state.hasPdfPreview\" hidden class=\"wp-block-file__embed\" data=\"https:\/\/carrotti.ist.org\/blog\/wp-content\/uploads\/2022\/06\/19880624-Arbeitsanschrift-Bastard-Vater.pdf\" type=\"application\/pdf\" style=\"width:100%;height:600px\" aria-label=\"Einbettung von 19880624-Arbeitsanschrift-Bastard-Vater.\"><\/object><a id=\"wp-block-file--media-4f84f15d-ced3-4346-af33-2903819d6d3a\" href=\"https:\/\/carrotti.ist.org\/blog\/wp-content\/uploads\/2022\/06\/19880624-Arbeitsanschrift-Bastard-Vater.pdf\">19880624-Arbeitsanschrift-Bastard-Vater<\/a><a href=\"https:\/\/carrotti.ist.org\/blog\/wp-content\/uploads\/2022\/06\/19880624-Arbeitsanschrift-Bastard-Vater.pdf\" class=\"wp-block-file__button wp-element-button\" download aria-describedby=\"wp-block-file--media-4f84f15d-ced3-4346-af33-2903819d6d3a\">Herunterladen<\/a><\/div>\n\n\n\n<div data-wp-interactive=\"core\/file\" class=\"wp-block-file\"><object data-wp-bind--hidden=\"!state.hasPdfPreview\" hidden class=\"wp-block-file__embed\" data=\"https:\/\/carrotti.ist.org\/blog\/wp-content\/uploads\/2022\/06\/19850315Heimbericht-Pitten.pdf\" type=\"application\/pdf\" style=\"width:100%;height:600px\" aria-label=\"Einbettung von 19850315Heimbericht-Pitten.\"><\/object><a id=\"wp-block-file--media-062b998e-2677-4b7d-ab04-4b1a0dce38ce\" href=\"https:\/\/carrotti.ist.org\/blog\/wp-content\/uploads\/2022\/06\/19850315Heimbericht-Pitten.pdf\">19850315Heimbericht-Pitten<\/a><a href=\"https:\/\/carrotti.ist.org\/blog\/wp-content\/uploads\/2022\/06\/19850315Heimbericht-Pitten.pdf\" class=\"wp-block-file__button wp-element-button\" download aria-describedby=\"wp-block-file--media-062b998e-2677-4b7d-ab04-4b1a0dce38ce\">Herunterladen<\/a><\/div>\n\n\n\n<div data-wp-interactive=\"core\/file\" class=\"wp-block-file\"><object data-wp-bind--hidden=\"!state.hasPdfPreview\" hidden class=\"wp-block-file__embed\" data=\"https:\/\/carrotti.ist.org\/blog\/wp-content\/uploads\/2022\/06\/19840803-Fallverlaufskonferenz-Pitten.pdf\" type=\"application\/pdf\" style=\"width:100%;height:600px\" aria-label=\"Einbettung von 19840803-Fallverlaufskonferenz-Pitten.\"><\/object><a id=\"wp-block-file--media-7cf8c721-7623-4afb-880f-ff68d7beb754\" href=\"https:\/\/carrotti.ist.org\/blog\/wp-content\/uploads\/2022\/06\/19840803-Fallverlaufskonferenz-Pitten.pdf\">19840803-Fallverlaufskonferenz-Pitten<\/a><a href=\"https:\/\/carrotti.ist.org\/blog\/wp-content\/uploads\/2022\/06\/19840803-Fallverlaufskonferenz-Pitten.pdf\" class=\"wp-block-file__button wp-element-button\" download aria-describedby=\"wp-block-file--media-7cf8c721-7623-4afb-880f-ff68d7beb754\">Herunterladen<\/a><\/div>\n\n\n\n<div data-wp-interactive=\"core\/file\" class=\"wp-block-file\"><object data-wp-bind--hidden=\"!state.hasPdfPreview\" hidden class=\"wp-block-file__embed\" data=\"https:\/\/carrotti.ist.org\/blog\/wp-content\/uploads\/2022\/06\/19831029-Heimbericht-Pitten.pdf\" type=\"application\/pdf\" style=\"width:100%;height:600px\" aria-label=\"Einbettung von 19831029-Heimbericht-Pitten.\"><\/object><a id=\"wp-block-file--media-4d21c93a-0d0c-4652-a4e2-d61898575db1\" href=\"https:\/\/carrotti.ist.org\/blog\/wp-content\/uploads\/2022\/06\/19831029-Heimbericht-Pitten.pdf\">19831029-Heimbericht-Pitten<\/a><a href=\"https:\/\/carrotti.ist.org\/blog\/wp-content\/uploads\/2022\/06\/19831029-Heimbericht-Pitten.pdf\" class=\"wp-block-file__button wp-element-button\" download aria-describedby=\"wp-block-file--media-4d21c93a-0d0c-4652-a4e2-d61898575db1\">Herunterladen<\/a><\/div>\n\n\n\n<div data-wp-interactive=\"core\/file\" class=\"wp-block-file\"><object data-wp-bind--hidden=\"!state.hasPdfPreview\" hidden class=\"wp-block-file__embed\" data=\"https:\/\/carrotti.ist.org\/blog\/wp-content\/uploads\/2022\/06\/19820716Befund-Gutachten-Kh-Pitten.pdf\" type=\"application\/pdf\" style=\"width:100%;height:600px\" aria-label=\"Einbettung von 19820716Befund-Gutachten-Kh-Pitten.\"><\/object><a id=\"wp-block-file--media-7eff575a-6645-4949-ad2b-150b52913563\" href=\"https:\/\/carrotti.ist.org\/blog\/wp-content\/uploads\/2022\/06\/19820716Befund-Gutachten-Kh-Pitten.pdf\">19820716Befund-Gutachten-Kh-Pitten<\/a><a href=\"https:\/\/carrotti.ist.org\/blog\/wp-content\/uploads\/2022\/06\/19820716Befund-Gutachten-Kh-Pitten.pdf\" class=\"wp-block-file__button wp-element-button\" download aria-describedby=\"wp-block-file--media-7eff575a-6645-4949-ad2b-150b52913563\">Herunterladen<\/a><\/div>\n\n\n\n<div data-wp-interactive=\"core\/file\" class=\"wp-block-file\"><object data-wp-bind--hidden=\"!state.hasPdfPreview\" hidden class=\"wp-block-file__embed\" data=\"https:\/\/carrotti.ist.org\/blog\/wp-content\/uploads\/2022\/06\/19820519VorueberstelltKuest.pdf\" type=\"application\/pdf\" style=\"width:100%;height:600px\" aria-label=\"Einbettung von 19820519VorueberstelltKuest.\"><\/object><a id=\"wp-block-file--media-04882ed6-ee7b-436c-8f00-5c4f77966299\" href=\"https:\/\/carrotti.ist.org\/blog\/wp-content\/uploads\/2022\/06\/19820519VorueberstelltKuest.pdf\">19820519VorueberstelltKuest<\/a><a href=\"https:\/\/carrotti.ist.org\/blog\/wp-content\/uploads\/2022\/06\/19820519VorueberstelltKuest.pdf\" class=\"wp-block-file__button wp-element-button\" download aria-describedby=\"wp-block-file--media-04882ed6-ee7b-436c-8f00-5c4f77966299\">Herunterladen<\/a><\/div>\n\n\n\n<div data-wp-interactive=\"core\/file\" class=\"wp-block-file\"><object data-wp-bind--hidden=\"!state.hasPdfPreview\" hidden class=\"wp-block-file__embed\" data=\"https:\/\/carrotti.ist.org\/blog\/wp-content\/uploads\/2022\/06\/19801215-Fallverlaufskonferenz-Kuest-Huetteldorf.pdf\" type=\"application\/pdf\" style=\"width:100%;height:600px\" aria-label=\"Einbettung von 19801215-Fallverlaufskonferenz-Kuest-Huetteldorf.\"><\/object><a id=\"wp-block-file--media-7fa460c5-219a-4b09-b822-19c246faa763\" href=\"https:\/\/carrotti.ist.org\/blog\/wp-content\/uploads\/2022\/06\/19801215-Fallverlaufskonferenz-Kuest-Huetteldorf.pdf\">19801215-Fallverlaufskonferenz-Kuest-Huetteldorf<\/a><a href=\"https:\/\/carrotti.ist.org\/blog\/wp-content\/uploads\/2022\/06\/19801215-Fallverlaufskonferenz-Kuest-Huetteldorf.pdf\" class=\"wp-block-file__button wp-element-button\" download aria-describedby=\"wp-block-file--media-7fa460c5-219a-4b09-b822-19c246faa763\">Herunterladen<\/a><\/div>\n\n\n\n<div data-wp-interactive=\"core\/file\" class=\"wp-block-file\"><object data-wp-bind--hidden=\"!state.hasPdfPreview\" hidden class=\"wp-block-file__embed\" data=\"https:\/\/carrotti.ist.org\/blog\/wp-content\/uploads\/2022\/06\/19790508AbtretungserklaerungKinderzulageBezirksjugendamt.pdf\" type=\"application\/pdf\" style=\"width:100%;height:600px\" aria-label=\"Einbettung von 19790508AbtretungserklaerungKinderzulageBezirksjugendamt.\"><\/object><a id=\"wp-block-file--media-11f13b75-2b6c-4885-ae4e-bac94c947600\" href=\"https:\/\/carrotti.ist.org\/blog\/wp-content\/uploads\/2022\/06\/19790508AbtretungserklaerungKinderzulageBezirksjugendamt.pdf\">19790508AbtretungserklaerungKinderzulageBezirksjugendamt<\/a><a href=\"https:\/\/carrotti.ist.org\/blog\/wp-content\/uploads\/2022\/06\/19790508AbtretungserklaerungKinderzulageBezirksjugendamt.pdf\" class=\"wp-block-file__button wp-element-button\" download aria-describedby=\"wp-block-file--media-11f13b75-2b6c-4885-ae4e-bac94c947600\">Herunterladen<\/a><\/div>\n\n\n\n<div data-wp-interactive=\"core\/file\" class=\"wp-block-file\"><object data-wp-bind--hidden=\"!state.hasPdfPreview\" hidden class=\"wp-block-file__embed\" data=\"https:\/\/carrotti.ist.org\/blog\/wp-content\/uploads\/2022\/06\/19800502FuehrungsberichtHuetteldorf.pdf\" type=\"application\/pdf\" style=\"width:100%;height:600px\" aria-label=\"Einbettung von 19800502FuehrungsberichtHuetteldorf.\"><\/object><a id=\"wp-block-file--media-46985641-6a1c-4ffc-914a-c33384be219f\" href=\"https:\/\/carrotti.ist.org\/blog\/wp-content\/uploads\/2022\/06\/19800502FuehrungsberichtHuetteldorf.pdf\">19800502FuehrungsberichtHuetteldorf<\/a><a href=\"https:\/\/carrotti.ist.org\/blog\/wp-content\/uploads\/2022\/06\/19800502FuehrungsberichtHuetteldorf.pdf\" class=\"wp-block-file__button wp-element-button\" download aria-describedby=\"wp-block-file--media-46985641-6a1c-4ffc-914a-c33384be219f\">Herunterladen<\/a><\/div>\n\n\n\n<div data-wp-interactive=\"core\/file\" class=\"wp-block-file\"><object data-wp-bind--hidden=\"!state.hasPdfPreview\" hidden class=\"wp-block-file__embed\" data=\"https:\/\/carrotti.ist.org\/blog\/wp-content\/uploads\/2022\/06\/19790206PsychoGutachtenMedikation.pdf\" type=\"application\/pdf\" style=\"width:100%;height:600px\" aria-label=\"Einbettung von 19790206PsychoGutachtenMedikation.\"><\/object><a id=\"wp-block-file--media-ecba77d6-591c-4e04-bf56-28bd053c985a\" href=\"https:\/\/carrotti.ist.org\/blog\/wp-content\/uploads\/2022\/06\/19790206PsychoGutachtenMedikation.pdf\">19790206PsychoGutachtenMedikation<\/a><a href=\"https:\/\/carrotti.ist.org\/blog\/wp-content\/uploads\/2022\/06\/19790206PsychoGutachtenMedikation.pdf\" class=\"wp-block-file__button wp-element-button\" download aria-describedby=\"wp-block-file--media-ecba77d6-591c-4e04-bf56-28bd053c985a\">Herunterladen<\/a><\/div>\n\n\n\n<div data-wp-interactive=\"core\/file\" class=\"wp-block-file\"><object data-wp-bind--hidden=\"!state.hasPdfPreview\" hidden class=\"wp-block-file__embed\" data=\"https:\/\/carrotti.ist.org\/blog\/wp-content\/uploads\/2022\/06\/19751118AntragFamiliengeldWgkk.pdf\" type=\"application\/pdf\" style=\"width:100%;height:600px\" aria-label=\"Einbettung von 19751118AntragFamiliengeldWgkk.\"><\/object><a id=\"wp-block-file--media-727f6e95-fef3-4e1d-9d9e-d78c400dfad2\" href=\"https:\/\/carrotti.ist.org\/blog\/wp-content\/uploads\/2022\/06\/19751118AntragFamiliengeldWgkk.pdf\">19751118AntragFamiliengeldWgkk<\/a><a href=\"https:\/\/carrotti.ist.org\/blog\/wp-content\/uploads\/2022\/06\/19751118AntragFamiliengeldWgkk.pdf\" class=\"wp-block-file__button wp-element-button\" download aria-describedby=\"wp-block-file--media-727f6e95-fef3-4e1d-9d9e-d78c400dfad2\">Herunterladen<\/a><\/div>\n\n\n\n<div data-wp-interactive=\"core\/file\" class=\"wp-block-file\"><object data-wp-bind--hidden=\"!state.hasPdfPreview\" hidden class=\"wp-block-file__embed\" data=\"https:\/\/carrotti.ist.org\/blog\/wp-content\/uploads\/2022\/06\/19740731Familienbeihilfe-f-Pflegeeltern.pdf\" type=\"application\/pdf\" style=\"width:100%;height:600px\" aria-label=\"Einbettung von 19740731Familienbeihilfe-f-Pflegeeltern.\"><\/object><a id=\"wp-block-file--media-a11d07b7-ea3d-4712-a490-2949c74d4a29\" href=\"https:\/\/carrotti.ist.org\/blog\/wp-content\/uploads\/2022\/06\/19740731Familienbeihilfe-f-Pflegeeltern.pdf\">19740731Familienbeihilfe-f-Pflegeeltern<\/a><a href=\"https:\/\/carrotti.ist.org\/blog\/wp-content\/uploads\/2022\/06\/19740731Familienbeihilfe-f-Pflegeeltern.pdf\" class=\"wp-block-file__button wp-element-button\" download aria-describedby=\"wp-block-file--media-a11d07b7-ea3d-4712-a490-2949c74d4a29\">Herunterladen<\/a><\/div>\n\n\n\n<div data-wp-interactive=\"core\/file\" class=\"wp-block-file\"><object data-wp-bind--hidden=\"!state.hasPdfPreview\" hidden class=\"wp-block-file__embed\" data=\"https:\/\/carrotti.ist.org\/blog\/wp-content\/uploads\/2022\/06\/19740729Aertztlicher-Bericht-EntlassungZKH.pdf\" type=\"application\/pdf\" style=\"width:100%;height:600px\" aria-label=\"Einbettung von 19740729Aertztlicher-Bericht-EntlassungZKH.\"><\/object><a id=\"wp-block-file--media-c38c83fa-57b8-4a8f-947d-77480b22d77a\" href=\"https:\/\/carrotti.ist.org\/blog\/wp-content\/uploads\/2022\/06\/19740729Aertztlicher-Bericht-EntlassungZKH.pdf\">19740729Aertztlicher-Bericht-EntlassungZKH<\/a><a href=\"https:\/\/carrotti.ist.org\/blog\/wp-content\/uploads\/2022\/06\/19740729Aertztlicher-Bericht-EntlassungZKH.pdf\" class=\"wp-block-file__button wp-element-button\" download aria-describedby=\"wp-block-file--media-c38c83fa-57b8-4a8f-947d-77480b22d77a\">Herunterladen<\/a><\/div>\n\n\n\n<div data-wp-interactive=\"core\/file\" class=\"wp-block-file\"><object data-wp-bind--hidden=\"!state.hasPdfPreview\" hidden class=\"wp-block-file__embed\" data=\"https:\/\/carrotti.ist.org\/blog\/wp-content\/uploads\/2022\/06\/19740625-Unterbringung-Pflegeeltern-wird-begruesst.pdf\" type=\"application\/pdf\" style=\"width:100%;height:600px\" aria-label=\"Einbettung von 19740625-Unterbringung-Pflegeeltern-wird-begruesst.\"><\/object><a id=\"wp-block-file--media-5236d85c-06c2-44b3-95a3-6b4e834ff89c\" href=\"https:\/\/carrotti.ist.org\/blog\/wp-content\/uploads\/2022\/06\/19740625-Unterbringung-Pflegeeltern-wird-begruesst.pdf\">19740625-Unterbringung-Pflegeeltern-wird-begruesst<\/a><a href=\"https:\/\/carrotti.ist.org\/blog\/wp-content\/uploads\/2022\/06\/19740625-Unterbringung-Pflegeeltern-wird-begruesst.pdf\" class=\"wp-block-file__button wp-element-button\" download aria-describedby=\"wp-block-file--media-5236d85c-06c2-44b3-95a3-6b4e834ff89c\">Herunterladen<\/a><\/div>\n\n\n\n<div data-wp-interactive=\"core\/file\" class=\"wp-block-file\"><object data-wp-bind--hidden=\"!state.hasPdfPreview\" hidden class=\"wp-block-file__embed\" data=\"https:\/\/carrotti.ist.org\/blog\/wp-content\/uploads\/2022\/06\/19740621Kuest-Gemeindepflege.pdf\" type=\"application\/pdf\" style=\"width:100%;height:600px\" aria-label=\"Einbettung von 19740621Kuest-Gemeindepflege.\"><\/object><a id=\"wp-block-file--media-9ea875b8-6291-4210-b29d-a707766901a5\" href=\"https:\/\/carrotti.ist.org\/blog\/wp-content\/uploads\/2022\/06\/19740621Kuest-Gemeindepflege.pdf\">19740621Kuest-Gemeindepflege<\/a><a href=\"https:\/\/carrotti.ist.org\/blog\/wp-content\/uploads\/2022\/06\/19740621Kuest-Gemeindepflege.pdf\" class=\"wp-block-file__button wp-element-button\" download aria-describedby=\"wp-block-file--media-9ea875b8-6291-4210-b29d-a707766901a5\">Herunterladen<\/a><\/div>\n\n\n\n<div data-wp-interactive=\"core\/file\" class=\"wp-block-file\"><object data-wp-bind--hidden=\"!state.hasPdfPreview\" hidden class=\"wp-block-file__embed\" data=\"https:\/\/carrotti.ist.org\/blog\/wp-content\/uploads\/2022\/06\/19730326UnterhaltHubertushof.pdf\" type=\"application\/pdf\" style=\"width:100%;height:600px\" aria-label=\"Einbettung von 19730326UnterhaltHubertushof.\"><\/object><a id=\"wp-block-file--media-bde05ab2-7712-4d2f-ab26-6ba901373879\" href=\"https:\/\/carrotti.ist.org\/blog\/wp-content\/uploads\/2022\/06\/19730326UnterhaltHubertushof.pdf\">19730326UnterhaltHubertushof<\/a><a href=\"https:\/\/carrotti.ist.org\/blog\/wp-content\/uploads\/2022\/06\/19730326UnterhaltHubertushof.pdf\" class=\"wp-block-file__button wp-element-button\" download aria-describedby=\"wp-block-file--media-bde05ab2-7712-4d2f-ab26-6ba901373879\">Herunterladen<\/a><\/div>\n\n\n\n<div data-wp-interactive=\"core\/file\" class=\"wp-block-file\"><object data-wp-bind--hidden=\"!state.hasPdfPreview\" hidden class=\"wp-block-file__embed\" data=\"https:\/\/carrotti.ist.org\/blog\/wp-content\/uploads\/2022\/06\/19720712FAmilienbeihilfebeitragRueckzahlung-vorgeschrieben.pdf\" type=\"application\/pdf\" style=\"width:100%;height:600px\" aria-label=\"Einbettung von 19720712FAmilienbeihilfebeitragRueckzahlung-vorgeschrieben.\"><\/object><a id=\"wp-block-file--media-cce4e354-3992-4c03-9816-7ee36e78e754\" href=\"https:\/\/carrotti.ist.org\/blog\/wp-content\/uploads\/2022\/06\/19720712FAmilienbeihilfebeitragRueckzahlung-vorgeschrieben.pdf\">19720712FAmilienbeihilfebeitragRueckzahlung-vorgeschrieben<\/a><a href=\"https:\/\/carrotti.ist.org\/blog\/wp-content\/uploads\/2022\/06\/19720712FAmilienbeihilfebeitragRueckzahlung-vorgeschrieben.pdf\" class=\"wp-block-file__button wp-element-button\" download aria-describedby=\"wp-block-file--media-cce4e354-3992-4c03-9816-7ee36e78e754\">Herunterladen<\/a><\/div>\n\n\n\n\n\n<div data-wp-interactive=\"core\/file\" class=\"wp-block-file\"><object data-wp-bind--hidden=\"!state.hasPdfPreview\" hidden class=\"wp-block-file__embed\" data=\"https:\/\/carrotti.ist.org\/blog\/wp-content\/uploads\/2022\/06\/19710608Vormund.pdf\" type=\"application\/pdf\" style=\"width:100%;height:600px\" aria-label=\"Einbettung von 19710608Vormund.\"><\/object><a id=\"wp-block-file--media-be7b0ca7-41a4-4faa-9fd2-af3f8c951743\" href=\"https:\/\/carrotti.ist.org\/blog\/wp-content\/uploads\/2022\/06\/19710608Vormund.pdf\">19710608Vormund<\/a><a href=\"https:\/\/carrotti.ist.org\/blog\/wp-content\/uploads\/2022\/06\/19710608Vormund.pdf\" class=\"wp-block-file__button wp-element-button\" download aria-describedby=\"wp-block-file--media-be7b0ca7-41a4-4faa-9fd2-af3f8c951743\">Herunterladen<\/a><\/div>\n","protected":false},"excerpt":{"rendered":"<p>jeden tag aufs neue der versuch den mut zu fassen die f\u00fcsse in die h\u00e4nde zu nehmen und das unm\u00f6gliche zu wagen&#8230;&#8230; frei zu sein und selbststbestimmt die herrausforderungen unserer zeit zu verbinden. den ganzen tag \u00fcber die hoffnung irgendwo raus zu kommen um der rauhen, geliebten matte zu entrinnen.<\/p>\n","protected":false},"author":1,"featured_media":0,"parent":0,"menu_order":0,"comment_status":"closed","ping_status":"closed","template":"","meta":{"footnotes":""},"class_list":["post-498","page","type-page","status-publish","hentry"],"_links":{"self":[{"href":"https:\/\/carrotti.ist.org\/ForumCarrottinum\/wp-json\/wp\/v2\/pages\/498","targetHints":{"allow":["GET"]}}],"collection":[{"href":"https:\/\/carrotti.ist.org\/ForumCarrottinum\/wp-json\/wp\/v2\/pages"}],"about":[{"href":"https:\/\/carrotti.ist.org\/ForumCarrottinum\/wp-json\/wp\/v2\/types\/page"}],"author":[{"embeddable":true,"href":"https:\/\/carrotti.ist.org\/ForumCarrottinum\/wp-json\/wp\/v2\/users\/1"}],"replies":[{"embeddable":true,"href":"https:\/\/carrotti.ist.org\/ForumCarrottinum\/wp-json\/wp\/v2\/comments?post=498"}],"version-history":[{"count":6,"href":"https:\/\/carrotti.ist.org\/ForumCarrottinum\/wp-json\/wp\/v2\/pages\/498\/revisions"}],"predecessor-version":[{"id":819,"href":"https:\/\/carrotti.ist.org\/ForumCarrottinum\/wp-json\/wp\/v2\/pages\/498\/revisions\/819"}],"wp:attachment":[{"href":"https:\/\/carrotti.ist.org\/ForumCarrottinum\/wp-json\/wp\/v2\/media?parent=498"}],"curies":[{"name":"wp","href":"https:\/\/api.w.org\/{rel}","templated":true}]}}